{"id":9443,"date":"2015-03-03T13:01:13","date_gmt":"2015-03-03T12:01:13","guid":{"rendered":"http:\/\/www.bg45.de\/?page_id=9443"},"modified":"2025-06-25T11:21:21","modified_gmt":"2025-06-25T09:21:21","slug":"kurz-knapp","status":"publish","type":"page","link":"http:\/\/www.bg45.de\/index.php\/kurz-knapp\/","title":{"rendered":"Kurz &#038; Knapp"},"content":{"rendered":"\n<h3 class=\"wp-block-heading\">Unversch\u00e4mtheit von Focus-Online<\/h3>\n\n\n\n<p>Wer sich einmal so richtig \u00e4rgern m\u00f6chte, sollte sich folgenden Artikel von Focus-Online antun: <a title=\"Focus-Online \/ Artikel\" href=\"http:\/\/www.focus.de\/finanzen\/doenchkolumne\/reiche-verteufeln-beduerftige-erfinden-warum-die-armuts-lobbyisten-nur-noch-nerven_id_4584787.html\" target=\"_blank\" rel=\"noopener noreferrer\">Warum die Armutslobbyisten nur noch nerven<\/a>.<\/p>\n\n\n\n<h3 class=\"wp-block-heading\">Hitliste der St\u00e4dte mit dem meisten Klagen und Widerspr\u00fcchen<\/h3>\n\n\n\n<p>Focus.de sah sich mal wieder bem\u00fc\u00dfigt, eine TopTen-Liste der St\u00e4dte und Kreise mit den meisten Klagen und Widerspr\u00fcchen zu erstellen. Wer sich imformieren mag: <a title=\"Focus.de \/ Artikel\" href=\"http:\/\/www.focus.de\/finanzen\/news\/arbeitslosengeld\/hartz\/hamburg-hannover-frankfurt-in-dieser-stadt-klagen-9-von-10-hartz-iv-empfaenger-gegen-ihre-bescheide_id_4584312.html\" target=\"_blank\" rel=\"noopener noreferrer\">In dieser Stadt klagen 9 von 10 Hartz-IV-Empf\u00e4nger gegen ihre Bescheide<\/a>.<\/p>\n\n\n\n<h3 class=\"wp-block-heading\">Team Wallraff: Jobcenter schummeln bei Bearbeitung von Hartz-IV-Antr\u00e4gen<\/h3>\n\n\n\n<p>So lautet die \u00dcberschrift eines Beitrages vom &#8222;Team Wallraff&#8220; auf RTL.de. Hierin wird geschildert, dass interne Dienstanweisungen existieren, die das Antragsdatum bei Leistungsantr\u00e4gen statistisch manipulieren.<\/p>\n\n\n\n<h3 class=\"wp-block-heading\">Andrea Nahles spielt mit dem Feuer<\/h3>\n\n\n\n<p>Laut einem Rundfunkbeitrag von WDR 5 spielt unsere Arbeitsministerin Andrea Nahles mit dem Feuer. Sie teilt nicht die Einsch\u00e4tzung der Wissenschaft, dass wer weniger als 60% des Durchschnittseinkommens zur Verf\u00fcgung hat, in Deutschland als arm gilt. Sie fordert daher eine neue Definition der sog. Armutsgrenze. Hierzu hat der Politologe Christoph Butterwege in einem Interview Stellung genommen. Mehr hier:&nbsp;<a title=\"WDR 5 - Interview\" href=\"https:\/\/www.deutschlandfunkkultur.de\/soziologe-christoph-butterwegge-wie-armut-in-deutschland.1008.de.html?dram%3Aarticle_id=315480\" target=\"_blank\" rel=\"noopener noreferrer\">Wie Armut in Deutschland verharmlost wird<\/a>.<\/p>\n\n\n\n<h3 class=\"wp-block-heading\">Paket Bildung und Teilhabe wird in Essen angeblich besonders gut angenommen<\/h3>\n\n\n\n<p>Laut einem Bericht unseres lokalen WAZ-Rundfunksenders, Radio Essen, wurde im Jahr 2014 in Essen das Paket Bildung- und Teilhabe durch die Leistungsberechtigten h\u00e4ufiger in Anspruch genommen als im NRW-Landesdurchschnitt. Nach den Angaben des Senders stellten nahezu 46.ooo Berechtigte einen Antrag auf Leistungen aus diesem &#8222;Paket&#8220;.<\/p>\n\n\n\n<h3 class=\"wp-block-heading\">Christoph Butterwege &#8211; Die gro\u00dfe soziale Entsicherung<\/h3>\n\n\n\n<p>So der Titel eines Beitrags der Frankfurter Rundschau \u00fcber ein Buch des Politologen Christoph Butterwege. In diesem rechnet er mit dem &#8222;Sozialstaat&#8220; und seinen Politikern ab, wobei er sich kein Blatt vor den Mund nimmt und das Kind beim Namen benennt. Einen kleinen Vorgeschmack auf das Buch bietet dieser Artikel der FR: <a title=\"FR - Artikel\" href=\"http:\/\/www.fr-online.de\/literatur\/christoph-butterwege-hartz-iv-die-grosse-soziale-entsicherung,1472266,30116086.html\" target=\"_blank\" rel=\"noopener noreferrer\">Die gro\u00dfe soziale Entsicherung<\/a><\/p>\n\n\n\n<h3 class=\"wp-block-heading\">10 Jahre Hartz IV \u2013 eine durchwachsene Bilanz<\/h3>\n\n\n\n<blockquote class=\"wp-block-quote is-layout-flow wp-block-quote-is-layout-flow\">\n<p>[\u2026] Die 2002 von der Regierung Schr\u00f6der initiierte Kommission f\u00fcr moderne Dienstleistungen am Arbeitsmarkt \u2013 nach ihrem Vorsitzenden Peter Hartz kurz Hartz Kommission genannt \u2013 hatte ein Konzept zur Reform der staatlichen Arbeitsvermittlung entworfen. Ziel dieses Konzeptes war es, die Arbeitsmarktpolitik in Deutschland effizienter zu gestalten. [\u2026]<\/p>\n<\/blockquote>\n\n\n\n<p>Zitat aus einem sehr empfehlenswerten Artikel des Internetportals wirtschaft.com. Wer Interesse hat, kann gerne hier weiterlesen: <a title=\"wirtschaft.com \/ Artikel\" href=\"http:\/\/www.wirtschaft.com\/10-jahre-hartz-iv-eine-durchwachsene-bilanz\/\" target=\"_blank\" rel=\"noopener noreferrer\">10 Jahre Hartz IV \u2013 eine durchwachsene Bilanz<\/a><\/p>\n\n\n\n<h3 class=\"wp-block-heading\">Neue BA Zahlen zu Sanktionen und Widerspr\u00fcchen<\/h3>\n\n\n\n<p>Sanktionen &#8211; Der Bericht Februar 2015:<\/p>\n\n\n\n<p>Zwischen November 2013 und Oktober 2014 wurden 1,00 Mio Sanktionen an erwerbsf\u00e4hige Leistungsberechtige ausgesprochen, ein leichter Anstieg (+ 0,2 Prozent) zum Vorjahreszeitraum. Am h\u00e4ufigsten wurde eine Sanktion aufgrund eines Meldevers\u00e4umnisses bei einem SGB II-Tr\u00e4ger ausgesprochen, ferner folgten Sanktionen aufgrund Weigerung bei der Aufnahme oder Fortf\u00fchrung einer Arbeit, Ausbildung oder Ma\u00dfnahme.<\/p>\n\n\n\n<p>Deutlich zugenommen haben im Vorjahresvergleich die Meldevers\u00e4umnisse beim \u00e4rztlichen oder psychologischen Dienst.<\/p>\n\n\n\n<p>Widerspr\u00fcche &#8211; Der Bericht Januar 2015:<\/p>\n\n\n\n<p>Im Verlauf der Monate Januar 2014 bis Dezember 2014 sind 669.000 Widerspr\u00fcche bei einer Grundsicherungsstelle eingegangen. Im gleichen Zeitraum wurde 241.000 Widerspr\u00fcchen stattgegeben und 367.000 wurden zur\u00fcckgewiesen.<\/p>\n\n\n\n<p>Innerhalb desselben Zeitraums sind vor einem zust\u00e4ndigen Gericht der Sozialgerichtsbarkeit 131.000 Klagen eingegangen und 54.000 Klagen wurde im selben Zeitraum (teilweise) stattgegeben.<\/p>\n\n\n\n<p>Sowohl der Zugang an Widerspr\u00fcchen als auch an Klagen war im Vergleich zum Vorjahreszeitraum r\u00fcckl\u00e4ufig.<\/p>\n\n\n\n<p>Noch mehr Informationen finden Interessierte hier:<\/p>\n\n\n\n<p><a title=\"Staistik BA\" href=\"https:\/\/statistik.arbeitsagentur.de\/\" target=\"_blank\" rel=\"noopener noreferrer\">Bundesagentur f\u00fcr Arbeit &#8211; Statistik<\/a><\/p>\n\n\n\n<p><a title=\"Statistik BA\" href=\"https:\/\/statistik.arbeitsagentur.de\/DE\/Navigation\/Statistiken\/Fachstatistiken\/Grundsicherung-fuer-Arbeitsuchende-SGBII\/Grundsicherung-fuer-Arbeitsuchende-SGBII-Nav.html\" target=\"_blank\" rel=\"noopener noreferrer\">Grundsicherung f\u00fcr Arbeitsuchende (SGB II)<\/a><\/p>\n\n\n\n<h3 class=\"wp-block-heading\">Insider vom JobCenter Berlin packt aus<\/h3>\n\n\n\n<p>Wie halten es Fallmanager tats\u00e4chlich mit ihren &#8222;Kunden&#8220;? Welche Praktiken werden dabei angewendet? Hierzu hat die S\u00fcddeutsche Zeitung recherchiert. Und einen Artikel verfasst, der endlich einmal die leidvollen Erfahrungen vieler Leistungsberechtigter seri\u00f6s an eine breite \u00d6ffentlichkeit bringt.<\/p>\n\n\n\n<p>Mehr erfahren interessierte Leser in dem Artikel <a title=\"Artikel S\u00fcddeutsche Zeitung\" href=\"http:\/\/www.sueddeutsche.de\/wirtschaft\/system-hartz-iv-wir-statten-arbeitgeber-mit-billigem-menschenmaterial-aus-1.2375543\" target=\"_blank\" rel=\"noopener noreferrer\">System&nbsp;Hartz&nbsp;IV&nbsp;&#8222;Wir&nbsp;statten&nbsp;Arbeitgeber&nbsp;mit&nbsp;billigem&nbsp;Menschenmaterial&nbsp;aus&#8220;<\/a>.<\/p>\n\n\n\n<h3 class=\"wp-block-heading\">Interessanter Artikel der S\u00fcddeutschen Zeitung zum Alltag von Multijobbern und Aufstockern<\/h3>\n\n\n\n<p>Wer keine aufstockenden Leistungen nach dem SGB&nbsp;II in Anspruch nehmen m\u00f6chte, ist oftmals gezwungen, mindestens zwei Besch\u00e4ftigungsverh\u00e4ltnisse einzugehen, um so halbwegs \u00fcber die Runden kommen zu k\u00f6nnen. Oder doch als Alternative zwangsl\u00e4ufig aufstockende Leistungen beantragen. Die S\u00fcddeutsche hat die Thematik&nbsp;aufgegriffen und berichtet \u00fcber den Lebensalltag solcher Multijobber und Aufstocker. Ein empfehlenswerter Artikel: <a title=\"Artikel S\u00fcddeutsche Zeitung\" href=\"http:\/\/www.sueddeutsche.de\/wirtschaft\/multi-jobber-und-aufstocker-wenn-arbeit-armut-bedeutet-1.2380889\" target=\"_blank\" rel=\"noopener noreferrer\">Wenn&nbsp;Arbeit&nbsp;Armut&nbsp;bedeutet<\/a>.<\/p>\n\n\n\n<h3 class=\"wp-block-heading\">Laut BA 200.000 Menschen 10 Jahre im SGB&nbsp;II-Dauerleistungsbezug<\/h3>\n\n\n\n<p>Das Internetportal fuldinfo.de hat eine Kurzmeldung ver\u00f6ffentlicht, in der eine Aussage des Herrn Weise zu dem o.a. Thema wiedergegeben wird. Eine erschreckende Zahl und Tatsache. Hier der Artikel <a title=\"fuldainfo.de - Artikel\" href=\"http:\/\/www.fuldainfo.de\/fdi\/weise-zu-wenig-langzeitarbeitslose-haben-einen-job-gefunden\/\" target=\"_blank\" rel=\"noopener noreferrer\">Weise:&nbsp;\u201cZu&nbsp;wenig&nbsp;Langzeitarbeitslose&nbsp;haben&nbsp;einen&nbsp;Job&nbsp;gefunden\u201d<\/a>.<\/p>\n\n\n\n<h3 class=\"wp-block-heading\">Politisches Kabarett auf h\u00f6chstem Niveau<\/h3>\n\n\n\n<p>Ein neuer <a title=\"youtube - Mitschnitt Volker Pispers\" href=\"https:\/\/www.youtube.com\/watch?v=3zqzYrnlnXs&amp;feature=youtu.be\" target=\"_blank\" rel=\"noopener noreferrer\">Auftritt<\/a> von Volker Pispers wurde auf youtube eingestellt. Diesmal besch\u00e4ftigt er sich mit aktuellen weltweiten Krisenthemen und unserem Bundespr\u00e4sidenten. Wie immer bringt er die Dinge treffend kommentiert zur Sprache und auf den Punkt. Wer ein paar Minuten Zeit hat, sollte sich den Mitschnitt seines Auftritts ansehen.<\/p>\n\n\n\n<h3 class=\"wp-block-heading\">F\u00f6rderm\u00f6glichkeiten der beruflichen Weiterentwicklung<\/h3>\n\n\n\n<p>Es gibt eine Pr\u00e4sentation der BA zu den F\u00f6rderm\u00f6glichkeiten der beruflichen Weiterentwicklung.<\/p>\n\n\n\n<p>Wer Lust und Interesse an diesem Thema hat, kann diese&nbsp;<a href=\"http:\/\/www.bg45.de\/wp-content\/uploads\/2015\/03\/hier.ppt\">hier<\/a> aufrufen. (Voraussetzung: PowerPoint)<\/p>\n\n\n\n<h3 class=\"wp-block-heading\">Datenschutzskandal im JobCenter Rheine<\/h3>\n\n\n\n<p>Laut Bericht der &#8222;Bild.de&#8220; enth\u00fcllte ein Leserreporter einen Datenschutzskandal beim JobCenter Rheine. Er fand in einem M\u00fcllcontainer vor dem JobCenter Rheine, welches sich in einem Einkaufzentrum befindet, Hunderte ungeschredderter Kundenakten aus dem JobCenter. Teilweise befanden sich unter diesen Akten sogar Leistungsantr\u00e4ge und Arbeitsvertr\u00e4ge.<\/p>\n\n\n\n<p>Klasse wie dort mit sensiblen Daten umgegangen wird! Das zeugt von ausgewiesenem Respekt gegen\u00fcber den Leistungsberechtigten!<\/p>\n\n\n\n<p>Mehr dazu finden Sie im Artikel <a title=\"Bild.de - Bericht B\u00fcrgerreporter\" href=\"http:\/\/www.bild.de\/news\/leserreporter\/1414-tag\/jobcenter-datenpanne-39957922.bild.html\" target=\"_blank\" rel=\"noopener noreferrer\">Jobcenter entsorgt geheime Kundendaten im M\u00fcll<\/a>.<\/p>\n\n\n\n<h3 class=\"wp-block-heading\">Aktuelle Zahlen zur Erwerbslosikkeit in Essen<\/h3>\n\n\n\n<p>F\u00fcr den Monat Februar dieses Jahres liegen uns sowohl die tats\u00e4chlichen als auch offiziellen Zahlen f\u00fcr Essen vor. Die tats\u00e4chlichen Zahlen k\u00f6nnen Sie der nachfolgenden Abbildung entnehmen:<\/p>\n\n\n<div class=\"wp-block-image\">\n<figure class=\"aligncenter\"><a href=\"http:\/\/www.bg45.de\/wp-content\/uploads\/2015\/03\/Erwerbslosigkeit-in-Essen-Februar-2015.png\"><img loading=\"lazy\" decoding=\"async\" width=\"1024\" height=\"868\" src=\"http:\/\/www.bg45.de\/wp-content\/uploads\/2015\/03\/Erwerbslosigkeit-in-Essen-Februar-2015-1024x868.png\" alt=\"Tats\u00e4chliche Erwerbslosigkeit in Essen - Februar 2015\" class=\"wp-image-9447\" srcset=\"http:\/\/www.bg45.de\/wp-content\/uploads\/2015\/03\/Erwerbslosigkeit-in-Essen-Februar-2015-1024x868.png 1024w, http:\/\/www.bg45.de\/wp-content\/uploads\/2015\/03\/Erwerbslosigkeit-in-Essen-Februar-2015-300x254.png 300w, http:\/\/www.bg45.de\/wp-content\/uploads\/2015\/03\/Erwerbslosigkeit-in-Essen-Februar-2015-177x150.png 177w, http:\/\/www.bg45.de\/wp-content\/uploads\/2015\/03\/Erwerbslosigkeit-in-Essen-Februar-2015-150x127.png 150w, http:\/\/www.bg45.de\/wp-content\/uploads\/2015\/03\/Erwerbslosigkeit-in-Essen-Februar-2015.png 1110w\" sizes=\"auto, (max-width: 1024px) 100vw, 1024px\" \/><\/a><\/figure><\/div>\n\n\n<p><\/p>\n\n\n\n<p>Die offiziellen Zahlen, der Bundesagentur f\u00fcr Arbeit, f\u00fcr Essen wollen wir Ihnen nat\u00fcrlich nicht vorenthalten:<\/p>\n\n\n<div class=\"wp-block-image\">\n<figure class=\"aligncenter\"><a href=\"http:\/\/www.bg45.de\/wp-content\/uploads\/2015\/03\/Offizielle-Erwerbslosigkeit-in-Essen-Januar-Februar-2015.png\"><img loading=\"lazy\" decoding=\"async\" width=\"1024\" height=\"723\" src=\"http:\/\/www.bg45.de\/wp-content\/uploads\/2015\/03\/Offizielle-Erwerbslosigkeit-in-Essen-Januar-Februar-2015-1024x723.png\" alt=\"Offizielle Erwerbslosigkeit in Essen - Januar Februar 2015\" class=\"wp-image-9448\" srcset=\"http:\/\/www.bg45.de\/wp-content\/uploads\/2015\/03\/Offizielle-Erwerbslosigkeit-in-Essen-Januar-Februar-2015-1024x723.png 1024w, http:\/\/www.bg45.de\/wp-content\/uploads\/2015\/03\/Offizielle-Erwerbslosigkeit-in-Essen-Januar-Februar-2015-300x212.png 300w, http:\/\/www.bg45.de\/wp-content\/uploads\/2015\/03\/Offizielle-Erwerbslosigkeit-in-Essen-Januar-Februar-2015-212x150.png 212w, http:\/\/www.bg45.de\/wp-content\/uploads\/2015\/03\/Offizielle-Erwerbslosigkeit-in-Essen-Januar-Februar-2015-150x106.png 150w, http:\/\/www.bg45.de\/wp-content\/uploads\/2015\/03\/Offizielle-Erwerbslosigkeit-in-Essen-Januar-Februar-2015.png 1179w\" sizes=\"auto, (max-width: 1024px) 100vw, 1024px\" \/><\/a><\/figure><\/div>\n\n\n<p>Das gesamte Zahlenwerk f\u00fcr Essen k\u00f6nnen Sie dem Dokument&nbsp;<a title=\"Arbeitsmarktreport - Agentur f\u00fcr Arbeit Essen Februar 2015\" href=\"http:\/\/www.bg45.de\/wp-content\/uploads\/2015\/03\/Arbeitsmarkt-in-Zahlen.pdf\" target=\"_blank\" rel=\"noopener noreferrer\">Arbeitsmarkt in Zahlen<\/a> der Bundesagentur f\u00fcr Arbeit (BA) entnehmen. Die hier aufgef\u00fchrte Tabelle der BA finden Sie auf Seite 9 des Dokuments.<\/p>\n\n\n\n<h3 class=\"wp-block-heading\">Erweitertes Beratungsangebot<\/h3>\n\n\n\n<p>Das BG45 Hartz4-Netzwerk-Essen e.V.&nbsp;startet zus\u00e4tzliches Beratungsangebot in Kooperation mit &#8222;<em>Der Parit\u00e4tische Essen<\/em>&#8222;<\/p>\n\n\n\n<p>Seit Mittwoch, dem 25. Februar, hat das Essener Hartz4-Netzwerk BG45 ein zus\u00e4tzliches Beratungsangebot zu Hartz4 gestartet. Das insgesamt sechste des Vereins. Kooperationspartner ist diesmal der <em>Parit\u00e4tische Wohlfahrtsverband Essen<\/em>. Die Beratungen finden jeweils mittwochs von <em><strong>9 bis 11 Uhr<\/strong><\/em> in der <em><strong>Gesch\u00e4ftsstelle des Parit\u00e4tischen Essen, Camillo-Sitte-Platz 3, in Essen-Huttrop<\/strong><\/em> statt.<\/p>\n\n\n\n<h3 class=\"wp-block-heading\">NO HOGESA<\/h3>\n\n\n\n<p>Da wir jede Form des Extremismus ablehnen und f\u00fcr Vielfalt in Essen und ganz Europa eintreten unterst\u00fctzen wir <strong>NO HOGESA<\/strong>. Eine Aktion von <strong><em>Essen stellt sich quer &#8211; B\u00fcndnis gegen Rassismus und Rechtsradikalismus<\/em><\/strong>. Wer sich n\u00e4her infomieren oder direkt Unterst\u00fctzung leisten m\u00f6chte, kann dies \u00fcber die <a href=\"https:\/\/essq.de\/\" target=\"_blank\" rel=\"noopener noreferrer\">Webseite<\/a> von <em>Essen stellt sich quer<\/em> oder deren <a href=\"https:\/\/www.facebook.com\/pages\/Essen-stellt-sich-quer\/421127221232356\" target=\"_blank\" rel=\"noopener noreferrer\">Facebook-Auftritt<\/a> tun.<\/p>\n","protected":false},"excerpt":{"rendered":"<p>Unversch\u00e4mtheit von Focus-Online Wer sich einmal so richtig \u00e4rgern m\u00f6chte, sollte sich folgenden Artikel von Focus-Online antun: Warum die Armutslobbyisten nur noch nerven. Hitliste der St\u00e4dte mit dem meisten Klagen und Widerspr\u00fcchen Focus.de sah sich mal wieder bem\u00fc\u00dfigt, eine TopTen-Liste der St\u00e4dte und Kreise mit den meisten Klagen und Widerspr\u00fcchen&#8230; <a class=\"continue-reading-link\" href=\"http:\/\/www.bg45.de\/index.php\/kurz-knapp\/\"> Weiterlesen <span class=\"meta-nav\">&rarr; <\/span><\/a><\/p>\n","protected":false},"author":8,"featured_media":0,"parent":0,"menu_order":31,"comment_status":"closed","ping_status":"closed","template":"","meta":{"footnotes":""},"class_list":["post-9443","page","type-page","status-publish","hentry"],"_links":{"self":[{"href":"http:\/\/www.bg45.de\/index.php\/wp-json\/wp\/v2\/pages\/9443","targetHints":{"allow":["GET"]}}],"collection":[{"href":"http:\/\/www.bg45.de\/index.php\/wp-json\/wp\/v2\/pages"}],"about":[{"href":"http:\/\/www.bg45.de\/index.php\/wp-json\/wp\/v2\/types\/page"}],"author":[{"embeddable":true,"href":"http:\/\/www.bg45.de\/index.php\/wp-json\/wp\/v2\/users\/8"}],"replies":[{"embeddable":true,"href":"http:\/\/www.bg45.de\/index.php\/wp-json\/wp\/v2\/comments?post=9443"}],"version-history":[{"count":43,"href":"http:\/\/www.bg45.de\/index.php\/wp-json\/wp\/v2\/pages\/9443\/revisions"}],"predecessor-version":[{"id":11875,"href":"http:\/\/www.bg45.de\/index.php\/wp-json\/wp\/v2\/pages\/9443\/revisions\/11875"}],"wp:attachment":[{"href":"http:\/\/www.bg45.de\/index.php\/wp-json\/wp\/v2\/media?parent=9443"}],"curies":[{"name":"wp","href":"https:\/\/api.w.org\/{rel}","templated":true}]}}