{"id":3788,"date":"2013-04-21T14:29:05","date_gmt":"2013-04-21T12:29:05","guid":{"rendered":"http:\/\/www.bg45.de\/?page_id=3788"},"modified":"2015-02-02T14:20:54","modified_gmt":"2015-02-02T13:20:54","slug":"netiquette","status":"publish","type":"page","link":"http:\/\/www.bg45.de\/index.php\/netiquette\/","title":{"rendered":"Netiquette"},"content":{"rendered":"<h3>Kommentarrichtlinien und Netiquette<\/h3>\n<p style=\"text-align: left;\">Ihre Kommentare sind bei uns herzlich willkommen! Um den gemeinsamen Austausch via Kommentare auf einer sachlichen Ebene zu erm\u00f6glichen, bitten wir Sie folgende Richtlinien innerhalb unserer Vereinsseite, BG45 <em>Hartz4-Netzwerk-Essen e.V.<\/em>, zu ber\u00fccksichtigen:<\/p>\n<p style=\"text-align: left;\">Kein Kommentar hat einen Anspruch auf Ver\u00f6ffentlichung. Bei Kommentaren, die inhaltlich fernab des Diskussionsgegenstandes liegen oder gar anst\u00f6\u00dfig sind, beh\u00e4lt sich die Redaktion das Recht vor, diese Beitr\u00e4ge ohne Vorwarnung zu l\u00f6schen.<\/p>\n<p style=\"text-align: left;\">Ihre E-Mail-Adresse wird nicht ver\u00f6ffentlicht und nur im Zusammenhang mit dem Kommentar gespeichert. Hinter jedem geschriebenen Kommentar steckt eine Pers\u00f6nlichkeit. Behandeln Sie daher alle Schreibenden, wie Sie auch selbst behandelt werden m\u00f6chten. Sehen Sie unsere Seite gerne als Ort, Ihre Meinung kundzutun, hart zu argumentieren, aber stets auf sachlicher Basis und niemals durch pers\u00f6nliche Angriffe, Beleidigungen oder sexistische und rassistische \u00c4u\u00dferungen.<\/p>\n<p style=\"text-align: left;\">Folgende Inhalte in Kommentaren k\u00f6nnen zur L\u00f6schung der Kommentare bis hin zur Sperrung der IP-Adresse f\u00fcr weitere Kommentare f\u00fchren:<\/p>\n<ul>\n<li>Kommentare, fernab eines inhaltlichen Bezugs zum Thema<\/li>\n<li>Anderssprachige Kommentare<\/li>\n<li>Kommentare, die extreme politische Ansichten beinhalten<\/li>\n<li>Kommentare, mit rassistischen oder sexistischen Inhalten<\/li>\n<li>Pornografie<\/li>\n<li>Gewaltaufforderungen<\/li>\n<li>Maschinell generierte Kommentare<\/li>\n<li>Missbrauch der Kommentarfunktion als Werbefl\u00e4che<\/li>\n<li>Beleidigung von Personen<\/li>\n<li>Urheberrechtsverletzungen<\/li>\n<\/ul>\n<p style=\"text-align: left;\">Jeder Nutzer ist f\u00fcr die von ihm publizierten Beitr\u00e4ge selbst verantwortlich.<\/p>\n<h3 style=\"text-align: left;\">Ausschlussklausel f\u00fcr Haftung<\/h3>\n<p style=\"text-align: left;\">Die Kommentare zu unseren Beitr\u00e4gen spiegeln allein die Meinung einzelner Leser wider. F\u00fcr die Richtigkeit und Vollst\u00e4ndigkeit der Inhalte \u00fcbernimmt die BG45 <em>Hartz4-Netzwerk-Essen e.V.<\/em> keine Gew\u00e4hr.<\/p>\n","protected":false},"excerpt":{"rendered":"<p>Kommentarrichtlinien und Netiquette Ihre Kommentare sind bei uns herzlich willkommen! Um den gemeinsamen Austausch via Kommentare auf einer sachlichen Ebene zu erm\u00f6glichen, bitten wir Sie folgende Richtlinien innerhalb unserer Vereinsseite, BG45 Hartz4-Netzwerk-Essen e.V., zu ber\u00fccksichtigen: Kein Kommentar hat einen Anspruch auf Ver\u00f6ffentlichung. Bei Kommentaren, die inhaltlich fernab des Diskussionsgegenstandes liegen&#8230; <a class=\"continue-reading-link\" href=\"http:\/\/www.bg45.de\/index.php\/netiquette\/\"> Weiterlesen <span class=\"meta-nav\">&rarr; <\/span><\/a><\/p>\n","protected":false},"author":8,"featured_media":0,"parent":0,"menu_order":82,"comment_status":"closed","ping_status":"closed","template":"","meta":{"footnotes":""},"class_list":["post-3788","page","type-page","status-publish","hentry"],"_links":{"self":[{"href":"http:\/\/www.bg45.de\/index.php\/wp-json\/wp\/v2\/pages\/3788","targetHints":{"allow":["GET"]}}],"collection":[{"href":"http:\/\/www.bg45.de\/index.php\/wp-json\/wp\/v2\/pages"}],"about":[{"href":"http:\/\/www.bg45.de\/index.php\/wp-json\/wp\/v2\/types\/page"}],"author":[{"embeddable":true,"href":"http:\/\/www.bg45.de\/index.php\/wp-json\/wp\/v2\/users\/8"}],"replies":[{"embeddable":true,"href":"http:\/\/www.bg45.de\/index.php\/wp-json\/wp\/v2\/comments?post=3788"}],"version-history":[{"count":10,"href":"http:\/\/www.bg45.de\/index.php\/wp-json\/wp\/v2\/pages\/3788\/revisions"}],"predecessor-version":[{"id":3928,"href":"http:\/\/www.bg45.de\/index.php\/wp-json\/wp\/v2\/pages\/3788\/revisions\/3928"}],"wp:attachment":[{"href":"http:\/\/www.bg45.de\/index.php\/wp-json\/wp\/v2\/media?parent=3788"}],"curies":[{"name":"wp","href":"https:\/\/api.w.org\/{rel}","templated":true}]}}