{"id":2771,"date":"2013-04-04T13:29:17","date_gmt":"2013-04-04T11:29:17","guid":{"rendered":"http:\/\/www.bg45.de\/?page_id=2771"},"modified":"2025-05-16T11:33:06","modified_gmt":"2025-05-16T09:33:06","slug":"kontakt","status":"publish","type":"page","link":"http:\/\/www.bg45.de\/index.php\/kontakt\/","title":{"rendered":"Kontakt"},"content":{"rendered":"\n<h3 class=\"wp-block-heading\">Wir sind f\u00fcr Sie da. Nehmen Sie mit uns Kontakt auf.<\/h3>\n\n\n\n<p>Wenn Sie mit uns in Kontakt treten m\u00f6chten, nutzen Sie bitte das nachfolgende Kontaktformular. Egal ob Sie mit unserem Verein <em>BG45 Hartz4-Netzwerk-Essen e.V.<\/em> in Verbindung treten m\u00f6chten oder ob Sie Fragen, Anregungen, Kritik usw. zu unserer Webseite auf dem Herzen haben. Wir bem\u00fchen uns, Ihre Anfragen zu zeitnah wie m\u00f6glich zu beantworten. Je nach Menge der Anfragen, k\u00f6nnen wir Verz\u00f6gerungen nicht ausschlie\u00dfen. Wir bitten dies zu entschuldigen.<\/p>\n\n\n\n<p>Vor Anfragen rechtlicher Art zum Thema Hartz 4 bitten wir abzusehen. Nutzen Sie daf\u00fcr bitte unsere offenen und kostenlosen <a title=\"Beratung\" href=\"http:\/\/www.bg45.de\/index.php\/rat-tat\/beratung\/\">Rechtsberatungen<\/a>. Zum einem f\u00fchren wir keine Online-Beratung durch, zum anderen sind die Rechtsf\u00e4lle zu Hartz 4 so speziell und individuell, das diese nur im direkten Gespr\u00e4ch mit einem Fachanwalt behandelt werden k\u00f6nnen. Vielen Dank f\u00fcr Ihr Verst\u00e4ndnis.\u00a0<\/p>\n\n\n<div class=\"cf7sg-container\"><div id=\"cf7sg-form-kontakt-beratung\" class=\"cf7-smart-grid has-grid key_kontakt-beratung\">\n<div class=\"wpcf7 no-js\" id=\"wpcf7-f11826-o1\" lang=\"en-US\" dir=\"ltr\" data-wpcf7-id=\"11826\">\n<div class=\"screen-reader-response\"><p role=\"status\" aria-live=\"polite\" aria-atomic=\"true\"><\/p> <ul><\/ul><\/div>\n<form action=\"\/index.php\/wp-json\/wp\/v2\/pages\/2771#wpcf7-f11826-o1\" method=\"post\" class=\"wpcf7-form init\" aria-label=\"Contact form\" novalidate=\"novalidate\" data-status=\"init\">\n<fieldset class=\"hidden-fields-container\"><input type=\"hidden\" name=\"_wpcf7\" value=\"11826\" \/><input type=\"hidden\" name=\"_wpcf7_version\" value=\"6.1.5\" \/><input type=\"hidden\" name=\"_wpcf7_locale\" value=\"en_US\" \/><input type=\"hidden\" name=\"_wpcf7_unit_tag\" value=\"wpcf7-f11826-o1\" \/><input type=\"hidden\" name=\"_wpcf7_container_post\" value=\"0\" \/><input type=\"hidden\" name=\"_wpcf7_posted_data_hash\" value=\"\" \/><input type=\"hidden\" name=\"_wpcf7_key\" value=\"kontakt-beratung\" \/><input type=\"hidden\" name=\"_cf7sg_toggles\" value=\"\" \/><input type=\"hidden\" name=\"_cf7sg_version\" value=\"4.15.8\" \/><input type=\"hidden\" name=\"_wpnonce\" value=\"83cb1e75fa\" \/>\n<\/fieldset>\n<div class=\"container\">\n  <div class=\"row\">\n    <div class=\"columns one-half\">\n      <div class=\"field text required\"><label for=\"\">Name<em>*<\/em><\/label><span class=\"wpcf7-form-control-wrap\" data-name=\"your-name\"><input size=\"40\" maxlength=\"400\" class=\"wpcf7-form-control wpcf7-text wpcf7-validates-as-required\" aria-required=\"true\" aria-invalid=\"false\" value=\"\" type=\"text\" name=\"your-name\" \/><\/span>\n        <p class=\"info-tip\"><\/p>\n      <\/div>\n    <\/div>\n  <\/div>\n<\/div>\n<div class=\"container\">\n  <div class=\"row\">\n    <div class=\"columns one-half\">\n      <div class=\"field email required\"><label for=\"\">Email<em>*<\/em><\/label><span class=\"wpcf7-form-control-wrap\" data-name=\"your-email\"><input size=\"40\" maxlength=\"400\" class=\"wpcf7-form-control wpcf7-email wpcf7-validates-as-required wpcf7-text wpcf7-validates-as-email\" aria-required=\"true\" aria-invalid=\"false\" value=\"\" type=\"email\" name=\"your-email\" \/><\/span>\n        <p class=\"info-tip\"><\/p>\n      <\/div>\n    <\/div>\n  <\/div>\n<\/div>\n<div class=\"container\">\n  <div class=\"row\">\n    <div class=\"columns one-half\">\n      <div class=\"field tel required\"><label for=\"\">Telefon<em>*<\/em><\/label><span class=\"wpcf7-form-control-wrap\" data-name=\"your-tel\"><input size=\"40\" maxlength=\"400\" class=\"wpcf7-form-control wpcf7-tel wpcf7-validates-as-required wpcf7-text wpcf7-validates-as-tel\" aria-required=\"true\" aria-invalid=\"false\" value=\"\" type=\"tel\" name=\"your-tel\" \/><\/span>\n        <p class=\"info-tip\"><\/p>\n      <\/div>\n    <\/div>\n  <\/div>\n<\/div>\n<div class=\"container\">\n  <div class=\"row\">\n    <div class=\"columns one-half\">\n      <div class=\"field text required\"><label for=\"\">Betreff<em>*<\/em><\/label><span class=\"wpcf7-form-control-wrap\" data-name=\"your-subject\"><input size=\"40\" maxlength=\"400\" class=\"wpcf7-form-control wpcf7-text wpcf7-validates-as-required\" aria-required=\"true\" aria-invalid=\"false\" value=\"\" type=\"text\" name=\"your-subject\" \/><\/span>\n        <p class=\"info-tip\"><\/p>\n      <\/div>\n    <\/div>\n  <\/div>\n<\/div>\n<div class=\"container\">\n  <div class=\"row\">\n    <div class=\"columns full\">\n      <div class=\"field textarea required\"><label for=\"\">Nachricht<em>*<\/em><\/label><span class=\"wpcf7-form-control-wrap\" data-name=\"your-message\"><textarea cols=\"40\" rows=\"5\" maxlength=\"2000\" class=\"wpcf7-form-control wpcf7-textarea wpcf7-validates-as-required\" aria-required=\"true\" aria-invalid=\"false\" name=\"your-message\"><\/textarea><\/span>\n        <p class=\"info-tip\"><\/p>\n      <\/div>\n    <\/div>\n  <\/div>\n<\/div>\n<div class=\"container\">\n  <div class=\"row\">\n    <div class=\"columns one-fourth\">\n      <div class=\"field\"><label for=\"\"><\/label><input class=\"wpcf7-form-control wpcf7-submit has-spinner\" type=\"submit\" value=\"Senden\" \/>\n        <p class=\"info-tip\"><\/p>\n      <\/div>\n    <\/div>\n  <\/div>\n<\/div><div class=\"wpcf7-response-output\" aria-hidden=\"true\"><\/div>\n<\/form>\n<\/div>\n<\/div><\/div>\n","protected":false},"excerpt":{"rendered":"<p>Wir sind f\u00fcr Sie da. Nehmen Sie mit uns Kontakt auf. Wenn Sie mit uns in Kontakt treten m\u00f6chten, nutzen Sie bitte das nachfolgende Kontaktformular. Egal ob Sie mit unserem Verein BG45 Hartz4-Netzwerk-Essen e.V. in Verbindung treten m\u00f6chten oder ob Sie Fragen, Anregungen, Kritik usw. zu unserer Webseite auf dem&#8230; <a class=\"continue-reading-link\" href=\"http:\/\/www.bg45.de\/index.php\/kontakt\/\"> Weiterlesen <span class=\"meta-nav\">&rarr; <\/span><\/a><\/p>\n","protected":false},"author":8,"featured_media":0,"parent":0,"menu_order":92,"comment_status":"closed","ping_status":"closed","template":"","meta":{"footnotes":""},"class_list":["post-2771","page","type-page","status-publish","hentry"],"_links":{"self":[{"href":"http:\/\/www.bg45.de\/index.php\/wp-json\/wp\/v2\/pages\/2771","targetHints":{"allow":["GET"]}}],"collection":[{"href":"http:\/\/www.bg45.de\/index.php\/wp-json\/wp\/v2\/pages"}],"about":[{"href":"http:\/\/www.bg45.de\/index.php\/wp-json\/wp\/v2\/types\/page"}],"author":[{"embeddable":true,"href":"http:\/\/www.bg45.de\/index.php\/wp-json\/wp\/v2\/users\/8"}],"replies":[{"embeddable":true,"href":"http:\/\/www.bg45.de\/index.php\/wp-json\/wp\/v2\/comments?post=2771"}],"version-history":[{"count":19,"href":"http:\/\/www.bg45.de\/index.php\/wp-json\/wp\/v2\/pages\/2771\/revisions"}],"predecessor-version":[{"id":11831,"href":"http:\/\/www.bg45.de\/index.php\/wp-json\/wp\/v2\/pages\/2771\/revisions\/11831"}],"wp:attachment":[{"href":"http:\/\/www.bg45.de\/index.php\/wp-json\/wp\/v2\/media?parent=2771"}],"curies":[{"name":"wp","href":"https:\/\/api.w.org\/{rel}","templated":true}]}}