{"id":2768,"date":"2013-04-04T13:19:00","date_gmt":"2013-04-04T11:19:00","guid":{"rendered":"http:\/\/www.bg45.de\/?page_id=2768"},"modified":"2024-03-12T09:42:31","modified_gmt":"2024-03-12T08:42:31","slug":"links","status":"publish","type":"page","link":"http:\/\/www.bg45.de\/index.php\/links\/","title":{"rendered":"Links"},"content":{"rendered":"<p><strong><a title=\"Tacheles e.V.\" href=\"http:\/\/www.tacheles-sozialhilfe.de\/\" target=\"_blank\" rel=\"noopener noreferrer\">Tacheles e.V.<\/a><\/strong><\/p>\n<p>Der Verein <em>Tacheles<\/em> versucht Tacheles zu reden, wenn es um die Rechte sozial Benachteiligter und Arbeitsloser geht. Seit mehr als 13 Jahren macht der Verein auf soziale Benachteiligungen aufmerksam, formuliert im Namen Betroffener Forderungen und bietet realistische L\u00f6sungskonzepte an. Gegr\u00fcndet wurde der Verein 1994 als Selbsthilfeeinrichtung von Betroffenen f\u00fcr Betroffene. Durch seine intensive Arbeit hat es <em>Tacheles<\/em> zu einer bundesweiten Bekanntheit gebracht.<\/p>\n<p>Diese Seite bietet sehr umfangreiche Informationen zu allem, rund um Hartz4 und ALG II. Zwar braucht man etwas Mu\u00dfe und Zeit, um sich durch die F\u00fclle der Informationen durchzuw\u00fchlen, aber es lohnt sich. Insgesamt: Sehr empfehlenswert!<\/p>\n<p><strong><a title=\"Grundrechte-Brandbrief\" href=\"http:\/\/www.grundrechte-brandbrief.de\/\" target=\"_blank\" rel=\"noopener noreferrer\">Grundrechte-Brandbrief<\/a><\/strong><\/p>\n<p><em>Grundrechte-Brandbrief<\/em> ist die Homepage des Hartz-IV-Aktivisten Ralph Boes, aus Berlin. \u00dcber sie informierter er seine Leserschaft \u00fcber seine vielf\u00e4ltigen Aktivit\u00e4ten und seinem Kampf gegen das Hartz-IV-Unrechtssystem. Sein Ziel liegt in der Abschaffung von Hartz IV. Ein wichtiger Schritt in diese Richtung ist f\u00fcr ihn, das Hartz IV (bzw. SGB II) nicht weiterhin neben (oder gar \u00fcber) dem Grundgesetz gestellt bleibt. Daf\u00fcr strebt er eine Klage beim Bundesverfassungsgericht an. Dieses, seinen Brandbrief und vieles mehr, kann man auf seiner Seite nachlesen und verfolgen.<\/p>\n<p><strong><a title=\"Der Sozialticker\" href=\"http:\/\/www.sozialticker.com\/\" target=\"_blank\" rel=\"noopener noreferrer\">Der Sozialticker<\/a><\/strong><\/p>\n<p><em>Der Sozialticker<\/em> ist nicht nur eine Informationsquelle, sondern dient auch zur Verbesserung der Qualit\u00e4t der politischer Meinungsbildung. Aus diesem Grund lautet das Motto des Sozialtickers auch \u201d . . . informieren \u2013 kritisieren \u2013 kommentieren\u201d. Inhaltlich sehr gut aufbereitet und sehr \u00fcbersichtlich gestaltete Seite. Schwerpunkte bilden aktuelle Meldungen und Urteile zu ALG II \/ Hartz4. Sehr gut: Musterwiderspr\u00fcche zum Runterladen!<\/p>\n<p><strong><a title=\"Erwerbslosen Forum Deutschland\" href=\"https:\/\/erwerbslosenforum.de\/\" target=\"_blank\" rel=\"noopener noreferrer\">Erwerbslosen Forum Deutschland<\/a><\/strong><\/p>\n<p>Unser Selbstverst\u00e4ndnis ist die\u00a0 F\u00f6rderung, Unterst\u00fctzung und Betreuung von Menschen, die unschuldig in die soziale Armut geraten sind. Dabei bieten wir Hilfe zur Selbsthilfe an, um die Rechte im Arbeitslosengeld I und II, Grundsicherung, Sozialgeld durchzusetzen. Ein umfangreiches Informationsangebot, das st\u00e4ndig erweitert und aktualisiert wird,soll dabei behilflich sein, schnell und gezielt alle relevanten Informationen zu bekommen. Dazu geh\u00f6ren alle Themen, die mit Armut zu tun haben.<\/p>\n<p><strong><a title=\"KLARtext\" href=\"http:\/\/www.klartext-info.de\/\" target=\"_blank\" rel=\"noopener noreferrer\">KLARtext<\/a><\/strong><\/p>\n<p><em>KLARtext<\/em> wurde am 28.2.93 in Frankfurt als Verein\u00a0 gegr\u00fcndet und hat heute etwa 100 Mitglieder im ganzen Bundesgebiet (aktiv im Rhein-Main Gebiet, Kiel, Hannover, Braunschweig, Hanau und anderen Orten). Ziel ist es zu zeigen, dass die Grenzen nicht zwischen den V\u00f6lkern, sondern zwischen oben und unten verlaufen. Klartext will die Sanierung der Staatsfinanzen zu Lasten der Banken, der Konzerne und der Reichen, nicht zu Lasten der Millionen besch\u00e4ftigten und arbeitslosen ArbeitnehmerInnen. Zu diesem Zweck macht <em>KLARtext<\/em> verst\u00e4ndliche Flugbl\u00e4tter (auf der Homepage unten links) zu Themen rund um Arbeitslosigkeit, Armut &amp; Reichtum, Renten, Steuern \u2026 Sehr erheiternd!<\/p>\n","protected":false},"excerpt":{"rendered":"<p>Tacheles e.V. Der Verein Tacheles versucht Tacheles zu reden, wenn es um die Rechte sozial Benachteiligter und Arbeitsloser geht. Seit mehr als 13 Jahren macht der Verein auf soziale Benachteiligungen aufmerksam, formuliert im Namen Betroffener Forderungen und bietet realistische L\u00f6sungskonzepte an. Gegr\u00fcndet wurde der Verein 1994 als Selbsthilfeeinrichtung von Betroffenen&#8230; <a class=\"continue-reading-link\" href=\"http:\/\/www.bg45.de\/index.php\/links\/\"> Weiterlesen <span class=\"meta-nav\">&rarr; <\/span><\/a><\/p>\n","protected":false},"author":8,"featured_media":0,"parent":0,"menu_order":72,"comment_status":"closed","ping_status":"closed","template":"","meta":{"footnotes":""},"class_list":["post-2768","page","type-page","status-publish","hentry"],"_links":{"self":[{"href":"http:\/\/www.bg45.de\/index.php\/wp-json\/wp\/v2\/pages\/2768","targetHints":{"allow":["GET"]}}],"collection":[{"href":"http:\/\/www.bg45.de\/index.php\/wp-json\/wp\/v2\/pages"}],"about":[{"href":"http:\/\/www.bg45.de\/index.php\/wp-json\/wp\/v2\/types\/page"}],"author":[{"embeddable":true,"href":"http:\/\/www.bg45.de\/index.php\/wp-json\/wp\/v2\/users\/8"}],"replies":[{"embeddable":true,"href":"http:\/\/www.bg45.de\/index.php\/wp-json\/wp\/v2\/comments?post=2768"}],"version-history":[{"count":16,"href":"http:\/\/www.bg45.de\/index.php\/wp-json\/wp\/v2\/pages\/2768\/revisions"}],"predecessor-version":[{"id":11772,"href":"http:\/\/www.bg45.de\/index.php\/wp-json\/wp\/v2\/pages\/2768\/revisions\/11772"}],"wp:attachment":[{"href":"http:\/\/www.bg45.de\/index.php\/wp-json\/wp\/v2\/media?parent=2768"}],"curies":[{"name":"wp","href":"https:\/\/api.w.org\/{rel}","templated":true}]}}