{"id":2759,"date":"2013-04-04T13:16:13","date_gmt":"2013-04-04T11:16:13","guid":{"rendered":"http:\/\/www.bg45.de\/?page_id=2759"},"modified":"2022-03-14T15:25:36","modified_gmt":"2022-03-14T14:25:36","slug":"uber-uns","status":"publish","type":"page","link":"http:\/\/www.bg45.de\/index.php\/uber-uns\/","title":{"rendered":"\u00dcber uns"},"content":{"rendered":"<h3>Kurz \u00fcber uns und unser Engagement<\/h3>\n<p>Im Durchscnitt waren\u00a0<strong>82.897<\/strong> Menschen im Jahr 2016 (Quelle: <a title=\"\u00dcbersicht der Statistik der Stadt Essen\" href=\"https:\/\/statistik.arbeitsagentur.de\/Auswahl\/raeumlicher-Geltungsbereich\/BA-Gebietsstruktur\/AA\/343-AA-Essen.html\" target=\"_blank\" rel=\"noopener\">Bundesagentur f\u00fcr Arbeit<\/a>) erwerbslos. Das sind 14,07 Prozent aller Essener und gerade mal ca. 1.100 Menschen weniger als im Jahr 2013. Eine ern\u00fcchternde Bilanz der letzten drei Jahre. Hartz\u00a04 bedeutet Ausgrenzung und Armut durch nachweisbar zu niedrige Regels\u00e4tze. Dazu kommen\u00a0<em>kundenfeindliche<\/em> und unversch\u00e4mte Zust\u00e4nde in den Essener JobCentern, ganz zu Schweigen von der t\u00e4glichen Stigmatisierung und Ausgrenzung der betroffenen Menschen. Lange Wartezeiten, \u00fcberlange Bearbeitungszeiten von Antr\u00e4gen und Widerspr\u00fcchen,\u00a0<em>verschwundene Akten<\/em>, anhaltendes Zust\u00e4ndigkeits-Durcheinander sowie kostenpflichtige Telefonverbindungen (Call-Center) zur Beh\u00f6rde\u00a0<em>JobCenter<\/em> seien hier als weitere Beispiele genannt. Viele Entscheidungen und Bescheide strotzen vor Fehlern und rechtlich zweifelhaften Auslegungen. Dies war f\u00fcr uns Anlass, uns zu einer Initiative zusammen zu schlie\u00dfen. Heute sind wir t\u00e4tig als gemeinn\u00fctziger eingetragener Verein.<\/p>\n<table style=\"border: 0px;\">\n<tbody>\n<tr>\n<td style=\"border: 0px;\"><strong>VERNETZEN<\/strong><\/td>\n<td style=\"border: 0px;\">Allein machen sie dich ein! Gemeinsam sind wir st\u00e4rker. Das gilt gerade in Hartz 4-Zeiten.<\/td>\n<\/tr>\n<tr>\n<td style=\"border: 0px;\"><strong>INFORMIEREN<\/strong><\/td>\n<td style=\"border: 0px;\">Wir tauschen uns \u00fcber unsere Erfahrungen aus, beraten uns gegenseitig, und geben diese Informationen gerne weiter.<\/td>\n<\/tr>\n<tr>\n<td style=\"border: 0px;\"><strong>DOKUMENTIEREN<\/strong><\/td>\n<td style=\"border: 0px;\">Wir sammeln systematisch Praxisbeispiele von teils skandal\u00f6sen Entscheidungen der <em>JobCenter<\/em> in Essen.<\/td>\n<\/tr>\n<tr>\n<td style=\"border: 0px;\"><strong>RECHTSBERATUNG<\/strong><\/td>\n<td style=\"border: 0px;\">\u00dcber unsere Rechtsanw\u00e4lte bieten wir eine offene und kostenlose Rechtsberatung, in verschiedenen Stadtteilen, an.<\/td>\n<\/tr>\n<\/tbody>\n<\/table>\n<p>Wir wollen das Bewusstsein f\u00fcr unsere Rechte st\u00e4rken. Wir stecken den Kopf nicht in den Sand, wir nehmen nicht alles hin was uns vom Gesetzgeber, von den Hartz\u00a04-Parteien und\u00a0<em>von Amts wegen<\/em> zugemutet wird. Gehen wir gemeinsam gegen Hartz\u00a04 und seine skandal\u00f6se Umsetzung vor!<\/p>\n<p><strong>Hartz4 muss weg! Machen Sie mit!<\/strong><\/p>\n<h3>Radiomitschnitt \u00fcber die BG45<\/h3>\n<p>Am 14. Juli 2008 berichtete Radio Essen 102.2 \u00fcber unsere erste offene Hartz 4-Beratung in der Luthergemeinde in Essen-West. Mittlerweile ist unsere offene und kostenlose Rechtsberatung stark ausgebaut worden. Wo und wann diese stattfinden, k\u00f6nnen Sie der Termin\u00fcbersicht entnehmen. Einen Mitschnitt der damaligen Sendung k\u00f6nnen Sie sich hier anh\u00f6ren.<\/p>\n<!--[if lt IE 9]><script>document.createElement('audio');<\/script><![endif]-->\n\t<div class=\"wp-playlist wp-audio-playlist wp-playlist-light\">\n\t\t\t<div class=\"wp-playlist-current-item\"><\/div>\n\t\t<audio controls=\"controls\" preload=\"none\" width=\"1358\"\n\t\t\t><\/audio>\n\t<div class=\"wp-playlist-next\"><\/div>\n\t<div class=\"wp-playlist-prev\"><\/div>\n\t<noscript>\n\t<ol>\n\t\t<li><a href=\"http:\/\/www.bg45.de\/wp-content\/uploads\/2013\/04\/bg45_radio_essen.mp3\">BG 45 bei Radio Essen<\/a><\/li>\t<\/ol>\n\t<\/noscript>\n\t<script type=\"application\/json\" class=\"wp-playlist-script\">{\"type\":\"audio\",\"tracklist\":false,\"tracknumbers\":true,\"images\":false,\"artists\":false,\"tracks\":[{\"src\":\"http:\\\/\\\/www.bg45.de\\\/wp-content\\\/uploads\\\/2013\\\/04\\\/bg45_radio_essen.mp3\",\"type\":\"audio\\\/mpeg\",\"title\":\"BG 45 bei Radio Essen\",\"caption\":\"Bg45 bei Radio Essen\",\"description\":\"Bg45 bei Radio Essen\",\"meta\":[],\"image\":{\"src\":\"http:\\\/\\\/www.bg45.de\\\/wp-includes\\\/images\\\/media\\\/audio.svg\",\"width\":48,\"height\":64},\"thumb\":{\"src\":\"http:\\\/\\\/www.bg45.de\\\/wp-includes\\\/images\\\/media\\\/audio.svg\",\"width\":48,\"height\":64}}]}<\/script>\n<\/div>\n\t\n<p><a name=\"Vereinsmitglied\"><\/a><\/p>\n<h3 style=\"margin-bottom: 5px;\">Der Verein BG45 Hartz4-Netzwerk-Essen e.V.<\/h3>\n<p>Unsere Initiative lebt davon, dass Betroffene aktiv werden, sich untereinander austauschen und Andere informieren \u2013 damit m\u00f6glichst viele ALG-II-Empf\u00e4nger zu ihrem Recht und dem ihnen zustehenden Geld kommen.<\/p>\n<p>Es gibt viele M\u00f6glichkeiten, sich bei uns einzubringen:<\/p>\n<ul>\n<li>Informationen sammeln und an uns weitergeben<\/li>\n<li>Bei Verteilaktionen vor Jobcentern mitmachen<\/li>\n<li>Infobl\u00e4tter erstellen, gestalten oder gegenlesen<\/li>\n<li>Unsere Website aktualisieren und pflegen<\/li>\n<li>Andere zum JobCenter begleiten<\/li>\n<\/ul>\n<p>Werden Sie Vereinsmitglied \u2013 Mitgliedsbeitrag \u20ac 1 pro Monat.<br \/>\nWerden Sie F\u00f6rdermitglied \u2013 Mitgliedsbeitrag \u20ac 24 pro Jahr.<\/p>\n<p>Spenden werden mit einer Bescheinigung quittiert. Auch Sachspenden w\u00e4ren uns willkommen, wir ben\u00f6tigen immer Briefmarken, Umschl\u00e4ge, Kopierpapier, B\u00fcromaterial aller Art.<\/p>\n<p>Unsere Bankverbindung lautet:<\/p>\n<p>BG45-Hartz4 Netzwerk Essen<br \/>\nIBAN: DE79360605910002651222<br \/>\nBIC: GENODED1SPE<br \/>\nSparda-Bank West eG<\/p>\n<p>Sollten Sie irgendwelche Fragen haben, kommen Sie doch einfach mal zu einem unserer Treffen vorbei. Wir w\u00fcrden uns freuen SIE kennenzulernen!<\/p>\n<p>Unsere Adresse lautet:<\/p>\n<p>BG45 Hartz4-Netzwerk-Essen e.V.<br \/>\nSeverinstr. 1<br \/>\n45127 Essen<\/p>\n\n","protected":false},"excerpt":{"rendered":"<p>Kurz \u00fcber uns und unser Engagement Im Durchscnitt waren\u00a082.897 Menschen im Jahr 2016 (Quelle: Bundesagentur f\u00fcr Arbeit) erwerbslos. Das sind 14,07 Prozent aller Essener und gerade mal ca. 1.100 Menschen weniger als im Jahr 2013. Eine ern\u00fcchternde Bilanz der letzten drei Jahre. Hartz\u00a04 bedeutet Ausgrenzung und Armut durch nachweisbar zu&#8230; <a class=\"continue-reading-link\" href=\"http:\/\/www.bg45.de\/index.php\/uber-uns\/\"> Weiterlesen <span class=\"meta-nav\">&rarr; <\/span><\/a><\/p>\n","protected":false},"author":8,"featured_media":0,"parent":0,"menu_order":62,"comment_status":"closed","ping_status":"closed","template":"","meta":{"footnotes":""},"class_list":["post-2759","page","type-page","status-publish","hentry"],"_links":{"self":[{"href":"http:\/\/www.bg45.de\/index.php\/wp-json\/wp\/v2\/pages\/2759","targetHints":{"allow":["GET"]}}],"collection":[{"href":"http:\/\/www.bg45.de\/index.php\/wp-json\/wp\/v2\/pages"}],"about":[{"href":"http:\/\/www.bg45.de\/index.php\/wp-json\/wp\/v2\/types\/page"}],"author":[{"embeddable":true,"href":"http:\/\/www.bg45.de\/index.php\/wp-json\/wp\/v2\/users\/8"}],"replies":[{"embeddable":true,"href":"http:\/\/www.bg45.de\/index.php\/wp-json\/wp\/v2\/comments?post=2759"}],"version-history":[{"count":38,"href":"http:\/\/www.bg45.de\/index.php\/wp-json\/wp\/v2\/pages\/2759\/revisions"}],"predecessor-version":[{"id":11668,"href":"http:\/\/www.bg45.de\/index.php\/wp-json\/wp\/v2\/pages\/2759\/revisions\/11668"}],"wp:attachment":[{"href":"http:\/\/www.bg45.de\/index.php\/wp-json\/wp\/v2\/media?parent=2759"}],"curies":[{"name":"wp","href":"https:\/\/api.w.org\/{rel}","templated":true}]}}